{"id":153,"date":"2018-07-19T20:08:35","date_gmt":"2018-07-19T20:08:35","guid":{"rendered":"http:\/\/rima.artstudioworks.net\/?page_id=153"},"modified":"2018-09-24T17:17:09","modified_gmt":"2018-09-24T17:17:09","slug":"kontakt","status":"publish","type":"page","link":"https:\/\/www.svenlucaworld.com\/en\/contact\/","title":{"rendered":"CONTACT"},"content":{"rendered":"<div data-vc-full-width=\"true\" data-vc-full-width-init=\"false\" class=\"vc_row wpb_row vc_row-fluid vc_custom_1532073512560\"><div class=\"wpb_column vc_column_container vc_col-sm-12\"><div class=\"vc_column-inner\"><div class=\"wpb_wrapper\"><div class=\"before-content\"><div class=\"container\"><div class=\"span12\"><header class=\"title\"><h2>CONTACT<\/h2><\/header><\/div><\/div><\/div><\/div><\/div><\/div><\/div><div class=\"vc_row-full-width vc_clearfix\"><\/div><div class=\"vc_row wpb_row vc_row-fluid vc_custom_1535211727472\"><div class=\"wpb_column vc_column_container vc_col-sm-9\"><div class=\"vc_column-inner\"><div class=\"wpb_wrapper\">\n\t<div class=\"wpb_text_column wpb_content_element\" >\n\t\t<div class=\"wpb_wrapper\">\n\t\t\t<h3>Contact Me:<\/h3>\n<p>Maybe they have questions about their future trips, suggestions for possible improvements, discovered small errors or simply want to get in touch with me.<\/p>\n<p>Use this contact form and I will get back to you as soon as possible.<\/p>\n<p>Best regards<br \/>\nSven Luca<\/p>\n\n\t\t<\/div>\n\t<\/div>\n\n<div class=\"wpcf7 no-js\" id=\"wpcf7-f21-o1\" lang=\"en-US\" dir=\"ltr\">\n<div class=\"screen-reader-response\"><p role=\"status\" aria-live=\"polite\" aria-atomic=\"true\"><\/p> <ul><\/ul><\/div>\n<form action=\"\/en\/wp-json\/wp\/v2\/pages\/153#wpcf7-f21-o1\" method=\"post\" class=\"wpcf7-form init\" aria-label=\"Contact form\" novalidate=\"novalidate\" data-status=\"init\" data-trp-original-action=\"\/en\/wp-json\/wp\/v2\/pages\/153#wpcf7-f21-o1\">\n<div style=\"display: none;\">\n<input type=\"hidden\" name=\"_wpcf7\" value=\"21\" \/>\n<input type=\"hidden\" name=\"_wpcf7_version\" value=\"5.9.8\" \/>\n<input type=\"hidden\" name=\"_wpcf7_locale\" value=\"en_US\" \/>\n<input type=\"hidden\" name=\"_wpcf7_unit_tag\" value=\"wpcf7-f21-o1\" \/>\n<input type=\"hidden\" name=\"_wpcf7_container_post\" value=\"0\" \/>\n<input type=\"hidden\" name=\"_wpcf7_posted_data_hash\" value=\"\" \/>\n<input type=\"hidden\" name=\"_wpcf7_recaptcha_response\" value=\"\" \/>\n<\/div>\n<div class=\"row-fluid\">\n\t<div class=\"span4\">\n\t\t<p><span class=\"wpcf7-form-control-wrap\" data-name=\"your-name\"><input size=\"40\" maxlength=\"400\" class=\"wpcf7-form-control wpcf7-text wpcf7-validates-as-required\" aria-required=\"true\" aria-invalid=\"false\" placeholder=\"Surname\" value=\"\" type=\"text\" name=\"your-name\" \/><\/span>\n\t\t<\/p>\n\t<\/div>\n\t<div class=\"span4\">\n\t\t<p><span class=\"wpcf7-form-control-wrap\" data-name=\"your-email\"><input size=\"40\" maxlength=\"400\" class=\"wpcf7-form-control wpcf7-email wpcf7-validates-as-required wpcf7-text wpcf7-validates-as-email\" aria-required=\"true\" aria-invalid=\"false\" placeholder=\"E-mail\" value=\"\" type=\"email\" name=\"your-email\" \/><\/span>\n\t\t<\/p>\n\t<\/div>\n\t<div class=\"span12\">\n\t\t<p><span class=\"wpcf7-form-control-wrap\" data-name=\"your-message\"><textarea cols=\"40\" rows=\"10\" maxlength=\"2000\" class=\"wpcf7-form-control wpcf7-textarea\" aria-invalid=\"false\" placeholder=\"Your message\" name=\"your-message\"><\/textarea><\/span>\n\t\t<\/p>\n\t<\/div>\n\t<div class=\"span12\">\n\t<span class=\"wpcf7-form-control-wrap recaptcha\" data-name=\"recaptcha\"><span data-sitekey=\"6LfE_M4UAAAAANyYWkP_rESM9jtigZcSJOdTjeRA\" class=\"wpcf7-form-control wpcf7-recaptcha g-recaptcha\"><\/span>\r\n<noscript>\r\n\t<div class=\"grecaptcha-noscript\">\r\n\t\t<iframe loading=\"lazy\" src=\"https:\/\/www.google.com\/recaptcha\/api\/fallback?k=6LfE_M4UAAAAANyYWkP_rESM9jtigZcSJOdTjeRA\" frameborder=\"0\" scrolling=\"no\" width=\"310\" height=\"430\">\r\n\t\t<\/iframe>\r\n\t\t<textarea name=\"g-recaptcha-response\" rows=\"3\" cols=\"40\" placeholder=\"reCaptcha Response Here\">\r\n\t\t<\/textarea>\r\n\t<\/div>\r\n<\/noscript>\r\n<\/span>\n\t<\/div>\n\t<div class=\"span12\">\n\t\t<p><input class=\"wpcf7-form-control wpcf7-submit has-spinner\" type=\"submit\" value=\"Send\" \/>\n\t\t<\/p>\n\t<\/div>\n<\/div><p style=\"display: none !important;\" class=\"akismet-fields-container\" data-prefix=\"_wpcf7_ak_\"><label>&#916;<textarea name=\"_wpcf7_ak_hp_textarea\" cols=\"45\" rows=\"8\" maxlength=\"100\"><\/textarea><\/label><input type=\"hidden\" id=\"ak_js_1\" name=\"_wpcf7_ak_js\" value=\"222\"\/><script>document.getElementById( \"ak_js_1\" ).setAttribute( \"value\", ( new Date() ).getTime() );<\/script><\/p><div class=\"wpcf7-response-output\" aria-hidden=\"true\"><\/div>\n<input type=\"hidden\" name=\"trp-form-language\" value=\"en\"\/><\/form>\n<\/div>\n<\/div><\/div><\/div><div class=\"wpb_column vc_column_container vc_col-sm-3\"><div class=\"vc_column-inner\"><div class=\"wpb_wrapper\"><div  class=\"wpb_widgetised_column wpb_content_element\">\n\t\t<div class=\"wpb_wrapper\">\n\t\t\t\n\t\t\t\n\t\t<\/div>\n\t<\/div>\n<\/div><\/div><\/div><\/div><div data-vc-full-width=\"true\" data-vc-full-width-init=\"false\" class=\"vc_row wpb_row vc_row-fluid vc_custom_1537716899285 vc_row-has-fill\"><div class=\"wpb_column vc_column_container vc_col-sm-3\"><div class=\"vc_column-inner vc_custom_1534881687202\"><div class=\"wpb_wrapper\"><h4 style=\"font-size: 18px;color: #222325;line-height: 54px;text-align: left\" class=\"vc_custom_heading\" >Subscribe to Newsletter<\/h4><\/div><\/div><\/div><div class=\"wpb_column vc_column_container vc_col-sm-9\"><div class=\"vc_column-inner vc_custom_1535023784532\"><div class=\"wpb_wrapper\">\n\t<div class=\"wpb_text_column wpb_content_element\" >\n\t\t<div class=\"wpb_wrapper\">\n\t\t\t<script>(function() {\n\twindow.mc4wp = window.mc4wp || {\n\t\tlisteners: [],\n\t\tforms: {\n\t\t\ton: function(evt, cb) {\n\t\t\t\twindow.mc4wp.listeners.push(\n\t\t\t\t\t{\n\t\t\t\t\t\tevent   : evt,\n\t\t\t\t\t\tcallback: cb\n\t\t\t\t\t}\n\t\t\t\t);\n\t\t\t}\n\t\t}\n\t}\n})();\n<\/script><!-- Mailchimp for WordPress v4.9.14 - https:\/\/wordpress.org\/plugins\/mailchimp-for-wp\/ --><form id=\"mc4wp-form-1\" class=\"mc4wp-form mc4wp-form-274\" method=\"post\" data-id=\"274\" data-name=\"Newsletter\" action=\"\" ><div class=\"mc4wp-form-fields\"><div class=\"flex\">\r\n<div class=\"flex-item\">\r\n  <input type=\"text\" name=\"NAME\" placeholder=\"Your name\" required \/>\r\n<\/div>\r\n<div class=\"flex-item\">\r\n  <input type=\"email\" name=\"EMAIL\" placeholder=\"Your email address\" required \/>\r\n<\/div>\r\n<div class=\"flex-item\">\r\n  <button type=\"submit\" class=\"button square\">SUBSCRIBE <i class=\"la la-paper-plane\"><\/i><\/button>\r\n<\/div>\r\n<\/div><\/div><label style=\"display: none !important;\">Leave this field empty if you&#039;re human: <input type=\"text\" name=\"_mc4wp_honeypot\" value=\"\" tabindex=\"-1\" autocomplete=\"off\" \/><\/label><input type=\"hidden\" name=\"_mc4wp_timestamp\" value=\"1778327811\" \/><input type=\"hidden\" name=\"_mc4wp_form_id\" value=\"274\" \/><input type=\"hidden\" name=\"_mc4wp_form_element_id\" value=\"mc4wp-form-1\" \/><div class=\"mc4wp-response\"><\/div><input type=\"hidden\" name=\"trp-form-language\" value=\"en\"\/><\/form><!-- \/ Mailchimp for WordPress Plugin -->\n\n\t\t<\/div>\n\t<\/div>\n<\/div><\/div><\/div><\/div><div class=\"vc_row-full-width vc_clearfix\"><\/div>","protected":false},"excerpt":{"rendered":"KONTAKT Kontaktieren Sie mich: Vielleicht haben sie Fragen bez\u00fcglich ihrer zuk\u00fcnftigen Reisen, Anregungen f\u00fcr eventuelle Verbesserungen, kleine Fehler entdeckt oder wollen einfach mit mir in Kontakt treten. Nutzen Sie dieses Kontaktformular und ich werde mich schnellstm\u00f6glich bei Ihnen melden. Mit freundlichen Gr\u00fcssen Sven Luca &#916; Newsletter abonnieren SUBSCRIBE Leave this field empty","protected":false},"author":1,"featured_media":0,"parent":0,"menu_order":0,"comment_status":"closed","ping_status":"closed","template":"page-fullwidth.php","meta":{"footnotes":""},"class_list":["post-153","page","type-page","status-publish","hentry"],"yoast_head":"<!-- This site is optimized with the Yoast SEO plugin v23.1 - https:\/\/yoast.com\/wordpress\/plugins\/seo\/ -->\n<title>KONTAKT - Sven Luca World<\/title>\n<meta name=\"robots\" content=\"index, follow, max-snippet:-1, max-image-preview:large, max-video-preview:-1\" \/>\n<link rel=\"canonical\" href=\"https:\/\/www.svenlucaworld.com\/en\/contact\/\" \/>\n<meta property=\"og:locale\" content=\"en_US\" \/>\n<meta property=\"og:type\" content=\"article\" \/>\n<meta property=\"og:title\" content=\"KONTAKT - Sven Luca World\" \/>\n<meta property=\"og:url\" content=\"https:\/\/www.svenlucaworld.com\/en\/contact\/\" \/>\n<meta property=\"og:site_name\" content=\"Sven Luca World\" \/>\n<meta property=\"article:modified_time\" content=\"2018-09-24T17:17:09+00:00\" \/>\n<meta property=\"og:image\" content=\"https:\/\/www.svenlucaworld.com\/wp-content\/uploads\/2018\/09\/sven-luca-avatar.jpg\" \/>\n\t<meta property=\"og:image:width\" content=\"400\" \/>\n\t<meta property=\"og:image:height\" content=\"400\" \/>\n\t<meta property=\"og:image:type\" content=\"image\/jpeg\" \/>\n<meta name=\"twitter:card\" content=\"summary_large_image\" \/>\n<meta name=\"twitter:label1\" content=\"Est. reading time\" \/>\n\t<meta name=\"twitter:data1\" content=\"1 minute\" \/>\n<script type=\"application\/ld+json\" class=\"yoast-schema-graph\">{\"@context\":\"https:\/\/schema.org\",\"@graph\":[{\"@type\":\"WebPage\",\"@id\":\"https:\/\/www.svenlucaworld.com\/kontakt\/\",\"url\":\"https:\/\/www.svenlucaworld.com\/kontakt\/\",\"name\":\"KONTAKT - Sven Luca World\",\"isPartOf\":{\"@id\":\"https:\/\/www.svenlucaworld.com\/#website\"},\"datePublished\":\"2018-07-19T20:08:35+00:00\",\"dateModified\":\"2018-09-24T17:17:09+00:00\",\"breadcrumb\":{\"@id\":\"https:\/\/www.svenlucaworld.com\/kontakt\/#breadcrumb\"},\"inLanguage\":\"en-US\",\"potentialAction\":[{\"@type\":\"ReadAction\",\"target\":[\"https:\/\/www.svenlucaworld.com\/kontakt\/\"]}]},{\"@type\":\"BreadcrumbList\",\"@id\":\"https:\/\/www.svenlucaworld.com\/kontakt\/#breadcrumb\",\"itemListElement\":[{\"@type\":\"ListItem\",\"position\":1,\"name\":\"Home\",\"item\":\"https:\/\/www.svenlucaworld.com\/\"},{\"@type\":\"ListItem\",\"position\":2,\"name\":\"KONTAKT\"}]},{\"@type\":\"WebSite\",\"@id\":\"https:\/\/www.svenlucaworld.com\/#website\",\"url\":\"https:\/\/www.svenlucaworld.com\/\",\"name\":\"Sven Luca World\",\"description\":\"Einer der meist gereisten Personen der Welt\",\"publisher\":{\"@id\":\"https:\/\/www.svenlucaworld.com\/#\/schema\/person\/0f016c970993f179bac576824f08cfdb\"},\"potentialAction\":[{\"@type\":\"SearchAction\",\"target\":{\"@type\":\"EntryPoint\",\"urlTemplate\":\"https:\/\/www.svenlucaworld.com\/?s={search_term_string}\"},\"query-input\":\"required name=search_term_string\"}],\"inLanguage\":\"en-US\"},{\"@type\":[\"Person\",\"Organization\"],\"@id\":\"https:\/\/www.svenlucaworld.com\/#\/schema\/person\/0f016c970993f179bac576824f08cfdb\",\"name\":\"Sven Luca\",\"image\":{\"@type\":\"ImageObject\",\"inLanguage\":\"en-US\",\"@id\":\"https:\/\/www.svenlucaworld.com\/#\/schema\/person\/image\/\",\"url\":\"https:\/\/www.svenlucaworld.com\/wp-content\/uploads\/2018\/09\/sven-luca-avatar.jpg\",\"contentUrl\":\"https:\/\/www.svenlucaworld.com\/wp-content\/uploads\/2018\/09\/sven-luca-avatar.jpg\",\"width\":400,\"height\":400,\"caption\":\"Sven Luca\"},\"logo\":{\"@id\":\"https:\/\/www.svenlucaworld.com\/#\/schema\/person\/image\/\"}}]}<\/script>\n<!-- \/ Yoast SEO plugin. -->","yoast_head_json":{"title":"KONTAKT - Sven Luca World","robots":{"index":"index","follow":"follow","max-snippet":"max-snippet:-1","max-image-preview":"max-image-preview:large","max-video-preview":"max-video-preview:-1"},"canonical":"https:\/\/www.svenlucaworld.com\/en\/contact\/","og_locale":"en_US","og_type":"article","og_title":"KONTAKT - Sven Luca World","og_url":"https:\/\/www.svenlucaworld.com\/en\/contact\/","og_site_name":"Sven Luca World","article_modified_time":"2018-09-24T17:17:09+00:00","og_image":[{"width":400,"height":400,"url":"https:\/\/www.svenlucaworld.com\/wp-content\/uploads\/2018\/09\/sven-luca-avatar.jpg","type":"image\/jpeg"}],"twitter_card":"summary_large_image","twitter_misc":{"Est. reading time":"1 minute"},"schema":{"@context":"https:\/\/schema.org","@graph":[{"@type":"WebPage","@id":"https:\/\/www.svenlucaworld.com\/kontakt\/","url":"https:\/\/www.svenlucaworld.com\/kontakt\/","name":"KONTAKT - Sven Luca World","isPartOf":{"@id":"https:\/\/www.svenlucaworld.com\/#website"},"datePublished":"2018-07-19T20:08:35+00:00","dateModified":"2018-09-24T17:17:09+00:00","breadcrumb":{"@id":"https:\/\/www.svenlucaworld.com\/kontakt\/#breadcrumb"},"inLanguage":"en-US","potentialAction":[{"@type":"ReadAction","target":["https:\/\/www.svenlucaworld.com\/kontakt\/"]}]},{"@type":"BreadcrumbList","@id":"https:\/\/www.svenlucaworld.com\/kontakt\/#breadcrumb","itemListElement":[{"@type":"ListItem","position":1,"name":"Home","item":"https:\/\/www.svenlucaworld.com\/"},{"@type":"ListItem","position":2,"name":"KONTAKT"}]},{"@type":"WebSite","@id":"https:\/\/www.svenlucaworld.com\/#website","url":"https:\/\/www.svenlucaworld.com\/","name":"Sven Luca World","description":"Einer der meist gereisten Personen der Welt","publisher":{"@id":"https:\/\/www.svenlucaworld.com\/#\/schema\/person\/0f016c970993f179bac576824f08cfdb"},"potentialAction":[{"@type":"SearchAction","target":{"@type":"EntryPoint","urlTemplate":"https:\/\/www.svenlucaworld.com\/?s={search_term_string}"},"query-input":"required name=search_term_string"}],"inLanguage":"en-US"},{"@type":["Person","Organization"],"@id":"https:\/\/www.svenlucaworld.com\/#\/schema\/person\/0f016c970993f179bac576824f08cfdb","name":"Sven Luca","image":{"@type":"ImageObject","inLanguage":"en-US","@id":"https:\/\/www.svenlucaworld.com\/#\/schema\/person\/image\/","url":"https:\/\/www.svenlucaworld.com\/wp-content\/uploads\/2018\/09\/sven-luca-avatar.jpg","contentUrl":"https:\/\/www.svenlucaworld.com\/wp-content\/uploads\/2018\/09\/sven-luca-avatar.jpg","width":400,"height":400,"caption":"Sven Luca"},"logo":{"@id":"https:\/\/www.svenlucaworld.com\/#\/schema\/person\/image\/"}}]}},"_links":{"self":[{"href":"https:\/\/www.svenlucaworld.com\/en\/wp-json\/wp\/v2\/pages\/153"}],"collection":[{"href":"https:\/\/www.svenlucaworld.com\/en\/wp-json\/wp\/v2\/pages"}],"about":[{"href":"https:\/\/www.svenlucaworld.com\/en\/wp-json\/wp\/v2\/types\/page"}],"author":[{"embeddable":true,"href":"https:\/\/www.svenlucaworld.com\/en\/wp-json\/wp\/v2\/users\/1"}],"replies":[{"embeddable":true,"href":"https:\/\/www.svenlucaworld.com\/en\/wp-json\/wp\/v2\/comments?post=153"}],"version-history":[{"count":8,"href":"https:\/\/www.svenlucaworld.com\/en\/wp-json\/wp\/v2\/pages\/153\/revisions"}],"predecessor-version":[{"id":538,"href":"https:\/\/www.svenlucaworld.com\/en\/wp-json\/wp\/v2\/pages\/153\/revisions\/538"}],"wp:attachment":[{"href":"https:\/\/www.svenlucaworld.com\/en\/wp-json\/wp\/v2\/media?parent=153"}],"curies":[{"name":"wp","href":"https:\/\/api.w.org\/{rel}","templated":true}]}}