{"id":479,"date":"2018-09-24T12:55:04","date_gmt":"2018-09-24T12:55:04","guid":{"rendered":"https:\/\/www.svenlucaworld.com\/?page_id=479"},"modified":"2021-08-09T05:56:01","modified_gmt":"2021-08-09T05:56:01","slug":"partner","status":"publish","type":"page","link":"https:\/\/www.svenlucaworld.com\/en\/partner\/","title":{"rendered":"PARTNER"},"content":{"rendered":"<div class=\"notranslate\">\n<p><a href=\"https:\/\/de.liteforex.eu\/?uid=424341439\" target=\"_blank\" rel=\"noopener noreferrer\"><img loading=\"lazy\" decoding=\"async\" class=\"alignnone size-full wp-image-543\" src=\"https:\/\/www.svenlucaworld.com\/wp-content\/uploads\/2021\/08\/liteforex.jpg\" alt=\"\" width=\"350\" height=\"184\" \/><\/a><\/p>\n<p><a href=\"https:\/\/de.liteforex.eu\/?uid=424341439\" target=\"_blank\" rel=\"noopener noreferrer\">LITEFOREX \u2013 EASY MONEY<\/a><\/p>\n<p><a href=\"https:\/\/www.reisecafe-premnitz.de\/\" target=\"_blank\" rel=\"noopener noreferrer\"><img loading=\"lazy\" decoding=\"async\" class=\"alignnone size-full wp-image-543\" src=\"https:\/\/www.svenlucaworld.com\/wp-content\/uploads\/2018\/09\/reisecafe.jpg\" alt=\"\" width=\"300\" height=\"75\" \/><\/a><\/p>\n<p><a href=\"https:\/\/www.reisecafe-premnitz.de\/\" target=\"_blank\" rel=\"noopener noreferrer\">Travel agency Premnitz<\/a><\/p>\n<p><a href=\"https:\/\/www.reisecafe-premnitz.de\/\" target=\"_blank\" rel=\"noopener noreferrer\">Rathenow travel agency<\/a><\/p>\n<p><a href=\"https:\/\/www.reisecafe-premnitz.de\/\" target=\"_blank\" rel=\"noopener noreferrer\">Brandenburg travel agency<\/a><\/p>\n<p><a title=\"Phildoor - Properties in Philippines\" href=\"https:\/\/phildoor.com\/\" target=\"_blank\" rel=\"noopener noreferrer\"><img loading=\"lazy\" decoding=\"async\" class=\"alignnone size-full wp-image-543\" style=\"background: #fff;\" src=\"https:\/\/www.svenlucaworld.com\/wp-content\/uploads\/2020\/06\/phildoor.png\" alt=\"\" width=\"300\" height=\"75\" \/><\/a><\/p>\n<p><a title=\"Phildoor - Properties in Philippines\" href=\"https:\/\/phildoor.com\/\" target=\"_blank\" rel=\"noopener noreferrer\">Phildoor \u2013 Properties in Philippines<\/a><\/p>\n<p><a href=\"https:\/\/www.visumpoint.de\/\" target=\"_blank\" rel=\"noopener noreferrer\"><img loading=\"lazy\" decoding=\"async\" class=\"alignnone size-full wp-image-544\" src=\"https:\/\/www.svenlucaworld.com\/wp-content\/uploads\/2018\/09\/visum.jpg\" alt=\"\" width=\"300\" height=\"75\" \/><\/a><\/p>\n<p><a href=\"https:\/\/www.visumpoint.de\/\" target=\"_blank\" rel=\"noopener noreferrer\">Visa point \u2013 Berlin, Frankfurt<\/a><\/p>\n<p><a href=\"http:\/\/irigevent.com\/\" target=\"_blank\" rel=\"noopener noreferrer\"><img loading=\"lazy\" decoding=\"async\" class=\"alignnone size-full wp-image-545\" src=\"https:\/\/www.svenlucaworld.com\/wp-content\/uploads\/2018\/09\/irig.jpg\" alt=\"\" width=\"300\" height=\"100\" \/><\/a><\/p>\n<p><a href=\"http:\/\/irigevent.com\/\" target=\"_blank\" rel=\"noopener noreferrer\">Irig Event \u2013 Dubai<\/a><\/p>\n<p><a href=\"http:\/\/www.genuss-catering.com\/\" target=\"_blank\" rel=\"noopener noreferrer\"><img loading=\"lazy\" decoding=\"async\" class=\"alignnone size-full wp-image-546\" src=\"https:\/\/www.svenlucaworld.com\/wp-content\/uploads\/2018\/09\/genuss.jpg\" alt=\"\" width=\"300\" height=\"118\" \/><\/a><\/p>\n<p><a href=\"http:\/\/www.genuss-catering.com\/\" target=\"_blank\" rel=\"noopener noreferrer\">Gourmet catering \u2013 Premnitz<\/a><\/p>\n<p><a href=\"http:\/\/uvfix.de\/\" target=\"_blank\" rel=\"noopener noreferrer\"><img loading=\"lazy\" decoding=\"async\" class=\"alignnone size-full wp-image-547\" src=\"https:\/\/www.svenlucaworld.com\/wp-content\/uploads\/2018\/09\/uvfix.jpg\" alt=\"\" width=\"300\" height=\"30\" \/><\/a><\/p>\n<p><a href=\"http:\/\/uvfix.de\/\" target=\"_blank\" rel=\"noopener noreferrer\">UV-Fix \u2013 adhesive technology<\/a><\/p>\n<p><a href=\"https:\/\/www.vw-auto-technik-daehne.de\/de.html\" target=\"_blank\" rel=\"noopener noreferrer\"><img loading=\"lazy\" decoding=\"async\" class=\"alignnone size-full wp-image-548\" src=\"https:\/\/www.svenlucaworld.com\/wp-content\/uploads\/2018\/09\/auto.jpg\" alt=\"\" width=\"300\" height=\"34\" \/><\/a><\/p>\n<p><a href=\"https:\/\/www.vw-auto-technik-daehne.de\/de.html\" target=\"_blank\" rel=\"noopener noreferrer\">Car technology D\u00e4hne \u2013 VW, Audi, Seat, Skoda<\/a><\/p>\n<p><a href=\"https:\/\/www.facebook.com\/Schlusslicht-Helmut-Bar-Restaurant-216038028603144\/\" target=\"_blank\" rel=\"noopener noreferrer\"><img loading=\"lazy\" decoding=\"async\" class=\"alignnone size-full wp-image-10027\" src=\"https:\/\/www.svenlucaworld.com\/wp-content\/uploads\/2020\/01\/helmut.jpg\" alt=\"Last place Helmut Bar Restaurant\" width=\"200\" height=\"214\" \/><\/a><\/p>\n<p><a href=\"https:\/\/www.facebook.com\/Schlusslicht-Helmut-Bar-Restaurant-216038028603144\/\" target=\"_blank\" rel=\"noopener noreferrer\">Bottom Bar &amp; Restaurant \u2013 Karon Phuket<\/a><\/p>\n<p><a href=\"https:\/\/www.maz-online.de\/\" target=\"_blank\" rel=\"noopener noreferrer\"><img loading=\"lazy\" decoding=\"async\" class=\"wp-image-13388 alignnone\" src=\"https:\/\/www.svenlucaworld.com\/wp-content\/uploads\/2021\/01\/maz-online.svg\" alt=\"\" width=\"306\" height=\"36\" \/><\/a><\/p>\n<p><a href=\"https:\/\/www.maz-online.de\/\" target=\"_blank\" rel=\"noopener noreferrer\">MAZ \u2013 M\u00e4rkische Allgemeine<\/a><\/p>\n<\/div>","protected":false},"excerpt":{"rendered":"<p>LITEFOREX &#8211; EASY MONEY Reiseb\u00fcro Premnitz Reiseb\u00fcro Rathenow Reiseb\u00fcro Brandenburg Phildoor &#8211; Properties in Philippines Visumpoint &#8211; Berlin, Frankfurt Irig Event &#8211; Dubai Genuss Catering &#8211; Premnitz UV-Fix &#8211; Klebetechnik Auto-Technik D\u00e4hne &#8211; VW, Audi, Seat, Skoda Schlusslicht Bar &amp; Restaurant &#8211; Karon Phuket MAZ &#8211; M\u00e4rkische Allgemeine<\/p>","protected":false},"author":1,"featured_media":0,"parent":0,"menu_order":0,"comment_status":"closed","ping_status":"closed","template":"","meta":{"footnotes":""},"class_list":["post-479","page","type-page","status-publish","hentry"],"yoast_head":"<!-- This site is optimized with the Yoast SEO plugin v23.1 - https:\/\/yoast.com\/wordpress\/plugins\/seo\/ -->\n<title>PARTNER - Sven Luca World<\/title>\n<meta name=\"robots\" content=\"index, follow, max-snippet:-1, max-image-preview:large, max-video-preview:-1\" \/>\n<link rel=\"canonical\" href=\"https:\/\/www.svenlucaworld.com\/en\/partner\/\" \/>\n<meta property=\"og:locale\" content=\"en_US\" \/>\n<meta property=\"og:type\" content=\"article\" \/>\n<meta property=\"og:title\" content=\"PARTNER - Sven Luca World\" \/>\n<meta property=\"og:description\" content=\"LITEFOREX &#8211; EASY MONEY Reiseb\u00fcro Premnitz Reiseb\u00fcro Rathenow Reiseb\u00fcro Brandenburg Phildoor &#8211; Properties in Philippines Visumpoint &#8211; Berlin, Frankfurt Irig Event &#8211; Dubai Genuss Catering &#8211; Premnitz UV-Fix &#8211; Klebetechnik Auto-Technik D\u00e4hne &#8211; VW, Audi, Seat, Skoda Schlusslicht Bar &amp; Restaurant &#8211; Karon Phuket MAZ &#8211; M\u00e4rkische Allgemeine\" \/>\n<meta property=\"og:url\" content=\"https:\/\/www.svenlucaworld.com\/en\/partner\/\" \/>\n<meta property=\"og:site_name\" content=\"Sven Luca World\" \/>\n<meta property=\"article:modified_time\" content=\"2021-08-09T05:56:01+00:00\" \/>\n<meta property=\"og:image\" content=\"https:\/\/www.svenlucaworld.com\/wp-content\/uploads\/2021\/08\/liteforex.jpg\" \/>\n<meta name=\"twitter:card\" content=\"summary_large_image\" \/>\n<script type=\"application\/ld+json\" class=\"yoast-schema-graph\">{\"@context\":\"https:\/\/schema.org\",\"@graph\":[{\"@type\":\"WebPage\",\"@id\":\"https:\/\/www.svenlucaworld.com\/partner\/\",\"url\":\"https:\/\/www.svenlucaworld.com\/partner\/\",\"name\":\"PARTNER - Sven Luca World\",\"isPartOf\":{\"@id\":\"https:\/\/www.svenlucaworld.com\/#website\"},\"primaryImageOfPage\":{\"@id\":\"https:\/\/www.svenlucaworld.com\/partner\/#primaryimage\"},\"image\":{\"@id\":\"https:\/\/www.svenlucaworld.com\/partner\/#primaryimage\"},\"thumbnailUrl\":\"https:\/\/www.svenlucaworld.com\/wp-content\/uploads\/2021\/08\/liteforex.jpg\",\"datePublished\":\"2018-09-24T12:55:04+00:00\",\"dateModified\":\"2021-08-09T05:56:01+00:00\",\"breadcrumb\":{\"@id\":\"https:\/\/www.svenlucaworld.com\/partner\/#breadcrumb\"},\"inLanguage\":\"en-US\",\"potentialAction\":[{\"@type\":\"ReadAction\",\"target\":[\"https:\/\/www.svenlucaworld.com\/partner\/\"]}]},{\"@type\":\"ImageObject\",\"inLanguage\":\"en-US\",\"@id\":\"https:\/\/www.svenlucaworld.com\/partner\/#primaryimage\",\"url\":\"https:\/\/www.svenlucaworld.com\/wp-content\/uploads\/2021\/08\/liteforex.jpg\",\"contentUrl\":\"https:\/\/www.svenlucaworld.com\/wp-content\/uploads\/2021\/08\/liteforex.jpg\"},{\"@type\":\"BreadcrumbList\",\"@id\":\"https:\/\/www.svenlucaworld.com\/partner\/#breadcrumb\",\"itemListElement\":[{\"@type\":\"ListItem\",\"position\":1,\"name\":\"Home\",\"item\":\"https:\/\/www.svenlucaworld.com\/\"},{\"@type\":\"ListItem\",\"position\":2,\"name\":\"PARTNER\"}]},{\"@type\":\"WebSite\",\"@id\":\"https:\/\/www.svenlucaworld.com\/#website\",\"url\":\"https:\/\/www.svenlucaworld.com\/\",\"name\":\"Sven Luca World\",\"description\":\"Einer der meist gereisten Personen der Welt\",\"publisher\":{\"@id\":\"https:\/\/www.svenlucaworld.com\/#\/schema\/person\/0f016c970993f179bac576824f08cfdb\"},\"potentialAction\":[{\"@type\":\"SearchAction\",\"target\":{\"@type\":\"EntryPoint\",\"urlTemplate\":\"https:\/\/www.svenlucaworld.com\/?s={search_term_string}\"},\"query-input\":\"required name=search_term_string\"}],\"inLanguage\":\"en-US\"},{\"@type\":[\"Person\",\"Organization\"],\"@id\":\"https:\/\/www.svenlucaworld.com\/#\/schema\/person\/0f016c970993f179bac576824f08cfdb\",\"name\":\"Sven Luca\",\"image\":{\"@type\":\"ImageObject\",\"inLanguage\":\"en-US\",\"@id\":\"https:\/\/www.svenlucaworld.com\/#\/schema\/person\/image\/\",\"url\":\"https:\/\/www.svenlucaworld.com\/wp-content\/uploads\/2018\/09\/sven-luca-avatar.jpg\",\"contentUrl\":\"https:\/\/www.svenlucaworld.com\/wp-content\/uploads\/2018\/09\/sven-luca-avatar.jpg\",\"width\":400,\"height\":400,\"caption\":\"Sven Luca\"},\"logo\":{\"@id\":\"https:\/\/www.svenlucaworld.com\/#\/schema\/person\/image\/\"}}]}<\/script>\n<!-- \/ Yoast SEO plugin. -->","yoast_head_json":{"title":"PARTNER - Sven Luca World","robots":{"index":"index","follow":"follow","max-snippet":"max-snippet:-1","max-image-preview":"max-image-preview:large","max-video-preview":"max-video-preview:-1"},"canonical":"https:\/\/www.svenlucaworld.com\/en\/partner\/","og_locale":"en_US","og_type":"article","og_title":"PARTNER - Sven Luca World","og_description":"LITEFOREX &#8211; EASY MONEY Reiseb\u00fcro Premnitz Reiseb\u00fcro Rathenow Reiseb\u00fcro Brandenburg Phildoor &#8211; Properties in Philippines Visumpoint &#8211; Berlin, Frankfurt Irig Event &#8211; Dubai Genuss Catering &#8211; Premnitz UV-Fix &#8211; Klebetechnik Auto-Technik D\u00e4hne &#8211; VW, Audi, Seat, Skoda Schlusslicht Bar &amp; Restaurant &#8211; Karon Phuket MAZ &#8211; M\u00e4rkische Allgemeine","og_url":"https:\/\/www.svenlucaworld.com\/en\/partner\/","og_site_name":"Sven Luca World","article_modified_time":"2021-08-09T05:56:01+00:00","og_image":[{"url":"https:\/\/www.svenlucaworld.com\/wp-content\/uploads\/2021\/08\/liteforex.jpg"}],"twitter_card":"summary_large_image","schema":{"@context":"https:\/\/schema.org","@graph":[{"@type":"WebPage","@id":"https:\/\/www.svenlucaworld.com\/partner\/","url":"https:\/\/www.svenlucaworld.com\/partner\/","name":"PARTNER - Sven Luca World","isPartOf":{"@id":"https:\/\/www.svenlucaworld.com\/#website"},"primaryImageOfPage":{"@id":"https:\/\/www.svenlucaworld.com\/partner\/#primaryimage"},"image":{"@id":"https:\/\/www.svenlucaworld.com\/partner\/#primaryimage"},"thumbnailUrl":"https:\/\/www.svenlucaworld.com\/wp-content\/uploads\/2021\/08\/liteforex.jpg","datePublished":"2018-09-24T12:55:04+00:00","dateModified":"2021-08-09T05:56:01+00:00","breadcrumb":{"@id":"https:\/\/www.svenlucaworld.com\/partner\/#breadcrumb"},"inLanguage":"en-US","potentialAction":[{"@type":"ReadAction","target":["https:\/\/www.svenlucaworld.com\/partner\/"]}]},{"@type":"ImageObject","inLanguage":"en-US","@id":"https:\/\/www.svenlucaworld.com\/partner\/#primaryimage","url":"https:\/\/www.svenlucaworld.com\/wp-content\/uploads\/2021\/08\/liteforex.jpg","contentUrl":"https:\/\/www.svenlucaworld.com\/wp-content\/uploads\/2021\/08\/liteforex.jpg"},{"@type":"BreadcrumbList","@id":"https:\/\/www.svenlucaworld.com\/partner\/#breadcrumb","itemListElement":[{"@type":"ListItem","position":1,"name":"Home","item":"https:\/\/www.svenlucaworld.com\/"},{"@type":"ListItem","position":2,"name":"PARTNER"}]},{"@type":"WebSite","@id":"https:\/\/www.svenlucaworld.com\/#website","url":"https:\/\/www.svenlucaworld.com\/","name":"Sven Luca World","description":"Einer der meist gereisten Personen der Welt","publisher":{"@id":"https:\/\/www.svenlucaworld.com\/#\/schema\/person\/0f016c970993f179bac576824f08cfdb"},"potentialAction":[{"@type":"SearchAction","target":{"@type":"EntryPoint","urlTemplate":"https:\/\/www.svenlucaworld.com\/?s={search_term_string}"},"query-input":"required name=search_term_string"}],"inLanguage":"en-US"},{"@type":["Person","Organization"],"@id":"https:\/\/www.svenlucaworld.com\/#\/schema\/person\/0f016c970993f179bac576824f08cfdb","name":"Sven Luca","image":{"@type":"ImageObject","inLanguage":"en-US","@id":"https:\/\/www.svenlucaworld.com\/#\/schema\/person\/image\/","url":"https:\/\/www.svenlucaworld.com\/wp-content\/uploads\/2018\/09\/sven-luca-avatar.jpg","contentUrl":"https:\/\/www.svenlucaworld.com\/wp-content\/uploads\/2018\/09\/sven-luca-avatar.jpg","width":400,"height":400,"caption":"Sven Luca"},"logo":{"@id":"https:\/\/www.svenlucaworld.com\/#\/schema\/person\/image\/"}}]}},"_links":{"self":[{"href":"https:\/\/www.svenlucaworld.com\/en\/wp-json\/wp\/v2\/pages\/479"}],"collection":[{"href":"https:\/\/www.svenlucaworld.com\/en\/wp-json\/wp\/v2\/pages"}],"about":[{"href":"https:\/\/www.svenlucaworld.com\/en\/wp-json\/wp\/v2\/types\/page"}],"author":[{"embeddable":true,"href":"https:\/\/www.svenlucaworld.com\/en\/wp-json\/wp\/v2\/users\/1"}],"replies":[{"embeddable":true,"href":"https:\/\/www.svenlucaworld.com\/en\/wp-json\/wp\/v2\/comments?post=479"}],"version-history":[{"count":16,"href":"https:\/\/www.svenlucaworld.com\/en\/wp-json\/wp\/v2\/pages\/479\/revisions"}],"predecessor-version":[{"id":13491,"href":"https:\/\/www.svenlucaworld.com\/en\/wp-json\/wp\/v2\/pages\/479\/revisions\/13491"}],"wp:attachment":[{"href":"https:\/\/www.svenlucaworld.com\/en\/wp-json\/wp\/v2\/media?parent=479"}],"curies":[{"name":"wp","href":"https:\/\/api.w.org\/{rel}","templated":true}]}}